{"id":98,"date":"2018-08-23T15:05:08","date_gmt":"2018-08-23T15:05:08","guid":{"rendered":"http:\/\/extendthemes.com\/demos\/mesmerize-pro-coaching\/mesmerize-pro\/"},"modified":"2026-02-24T16:23:00","modified_gmt":"2026-02-24T16:23:00","slug":"home","status":"publish","type":"page","link":"https:\/\/club500.business\/stefanienowak\/","title":{"rendered":"Home"},"content":{"rendered":"<div  data-label=\"Einfuehrung\" data-id=\"content--8\" data-export-id=\"content-12\" data-category=\"content\" class=\"content-12 content-section content-section-spacing content-relative\" id=\"einfuehrung\" style=\"background-color: rgb(245, 250, 253);\"><div  class=\"gridContainer\"> <div  class=\"row text-center\"><div  class=\"section-title-col\" data-type=\"column\">  <div  data-editable=\"true\" data-name=\"ope-widgets-area\" data-content-shortcode=\"mesmerize_display_widgets_area id=&quot;mesmerize_users_custom_widgets_areas_0&quot; \" class=\"\"><div data-name=\"mesmerize-widgets-area\"><div id=\"block-27\" class=\"widget widget_block\"><iframe src=\"https:\/\/www.cognitoforms.com\/f\/CIsbRCT9mEyu6HoLrOz09A\/28\" style=\"border:0;width:100%;\" height=\"585\"><\/iframe>\n<script src=\"https:\/\/www.cognitoforms.com\/f\/iframe.js\"><\/script><\/div><\/div><\/div><\/div> <\/div> <div  class=\"row center-xs middle-xs\"> <div  class=\"col-sm-9\" data-type=\"column\"> <\/div> <\/div><\/div> <div  class=\"section-separator-bottom\">\n    <svg  xmlns=\"http:\/\/www.w3.org\/2000\/svg\" viewBox=\"0 0 2600 131.1\" preserveAspectRatio=\"none\" data-separator-name=\"opacity-tilt\" class=\"section-separator-bottom\">\n\t<path  class=\"svg-white-bg\" d=\"M0 0L2600 0 2600 69.1 0 0z\"><\/path>\n\t<path  class=\"svg-white-bg\" style=\"opacity: 0.5;\" d=\"M0 0L2600 0 2600 69.1 0 69.1z\"><\/path>\n\t<path  class=\"svg-white-bg\" style=\"opacity: 0.25;\" d=\"M2600 0L0 0 0 130.1 2600 69.1z\"><\/path>\n<\/svg>\n<\/div><\/div><div  data-label=\"Kontakt\" data-id=\"cta--4\" data-export-id=\"cta-centered-section-grid\" data-category=\"cta\" class=\"cta-centered-section-grid content-section content-section-spacing-medium bg-color1 white-text\" id=\"kontakt-4\" style=\"background-image: none; background-color: rgb(7, 27, 80);\"><div  class=\"\"> <div  class=\"row text-center\"><div  class=\"col-xs-12 col-sm-10 col-sm-offset-1 col-md-8 col-md-offset-2\" data-type=\"column\"> <h2  class=\"\">Club 500: Erfolg beginnt <span  style=\"color: rgb(198, 25, 25);\">ausserhalb<\/span>&nbsp;Deiner Komfortzone<\/h2>  <\/div> <\/div><\/div> <\/div><div  data-label=\"Intervies\" data-id=\"features--1\" data-export-id=\"features-12\" data-category=\"features\" class=\"features-12 content-section content-section-spacing content-relative\" id=\"intervies\" style=\"background-color: rgb(216, 222, 242); background-image: none;\"><div  class=\"\"> <div  class=\"row text-center\"><div  class=\"section-title-col\" data-type=\"column\"> \n\t\t\t\n\t\t\t <div  data-editable=\"true\" data-name=\"ope-widgets-area\" data-content-shortcode=\"mesmerize_display_widgets_area id=&quot;mesmerize_users_custom_widgets_areas_1&quot; \" class=\"\"><div data-name=\"mesmerize-widgets-area\"><div id=\"block-41\" class=\"widget widget_block\"><iframe src=\"https:\/\/www.cognitoforms.com\/f\/CIsbRCT9mEyu6HoLrOz09A\/34\" style=\"border:0;width:100%;\" height=\"300\"><\/iframe>\n<script src=\"https:\/\/www.cognitoforms.com\/f\/iframe.js\"><\/script><\/div><div id=\"block-42\" class=\"widget widget_block\"><script src=\"https:\/\/cdn.commoninja.com\/sdk\/latest\/commonninja.js\" defer><\/script>\n<div class=\"commonninja_component pid-f4803ee1-adf3-4c54-b32d-0348f767afef\"><\/div><\/div><\/div><\/div><\/div> <\/div> <div  class=\"row spaced-cols\" data-type=\"row\">  <div  class=\"col-sm-6\"><div  class=\"row space-bottom\"> <div  class=\"col-sm-fit icon-column\" data-preview-empty=\"1\"><\/div> <div  class=\"col-sm\" data-type=\"column\"> <\/div> <\/div><\/div>   <\/div><\/div> <\/div><div  data-label=\"Kontakt\" data-id=\"cta--1\" data-export-id=\"cta-blue-section\" data-category=\"cta\" class=\"cta-blue-section content-section content-section-spacing-medium bg-color1 white-text\" id=\"kontakt-1\" style=\"background-image: none; background-color: rgb(59, 70, 135);\"><div  class=\"gridContainer\"> <div  class=\"row middle-xs\"><div  class=\"col-sm-8 space-bottom-xs\" data-type=\"column\"> <h2  class=\"\">Kontaktiere Mich <span  style=\"font-weight: 300;\">f\u00fcr mehr Informationen&nbsp;<\/span><\/h2> <\/div> <div  class=\"col-sm-4 end-sm\" data-type=\"column\"> <a  class=\"button big color8\" href=\"#kontakt\" target=\"_self\" data-cp-link=\"1\" data-icon=\"\" rel=\"noopener\">Kontaktinformationen<\/a><\/div> <\/div><\/div> <\/div><div  data-label=\"Mit System zum Erfolg\" data-id=\"content--10\" data-export-id=\"content-12\" data-category=\"content\" class=\"content-12 content-section content-section-spacing content-relative\" id=\"mit-system-zum-erfolg\" style=\"background-color: rgb(245, 250, 253); background-image: none;\"><div  class=\"gridContainer\"> <div  class=\"row text-center\"><div  class=\"section-title-col\" data-type=\"column\">  <div  data-editable=\"true\" data-name=\"ope-widgets-area\" data-content-shortcode=\"mesmerize_display_widgets_area id=&quot;mesmerize_users_custom_widgets_areas_2&quot; \" class=\"\" style=\"position: relative; top: 0px; left: 0px;\"><div data-name=\"mesmerize-widgets-area\"><div id=\"block-28\" class=\"widget widget_block\"><iframe src=\"https:\/\/www.cognitoforms.com\/f\/CIsbRCT9mEyu6HoLrOz09A\/29\" style=\"border:0;width:100%;\" height=\"520\"><\/iframe>\n<script src=\"https:\/\/www.cognitoforms.com\/f\/iframe.js\"><\/script><\/div><div id=\"block-47\" class=\"widget widget_block\"><\/div><div id=\"block-48\" class=\"widget widget_block\"><script src=\"https:\/\/cdn.commoninja.com\/sdk\/latest\/commonninja.js\" defer><\/script>\n<div class=\"commonninja_component pid-43065abb-93ef-4709-8d97-c52854e3fcb4\"><\/div><\/div><\/div><\/div><\/div> <\/div> <div  class=\"row center-xs middle-xs\"> <div  class=\"col-sm-9\" data-type=\"column\"> <\/div> <\/div><\/div> <div  class=\"section-separator-bottom\">\n    <svg  xmlns=\"http:\/\/www.w3.org\/2000\/svg\" viewBox=\"0 0 2600 131.1\" preserveAspectRatio=\"none\" data-separator-name=\"opacity-tilt\" class=\"section-separator-bottom\">\n\t<path  class=\"svg-white-bg\" d=\"M0 0L2600 0 2600 69.1 0 0z\"><\/path>\n\t<path  class=\"svg-white-bg\" style=\"opacity: 0.5;\" d=\"M0 0L2600 0 2600 69.1 0 69.1z\"><\/path>\n\t<path  class=\"svg-white-bg\" style=\"opacity: 0.25;\" d=\"M2600 0L0 0 0 130.1 2600 69.1z\"><\/path>\n<\/svg>\n<\/div><\/div><div  data-label=\"Haupt- oder Nebenberuflich\" data-id=\"content--1\" data-export-id=\"content-17\" data-category=\"content\" class=\"content-17 content-section content-section-spacing content-relative\" id=\"haupt-oder-nebenberuflich-1\" style=\"background-color: rgb(216, 222, 242); background-image: none;\"><div  class=\"gridContainer\"> <div  class=\"row middle-sm\"><div  class=\"col-sm-6 space-bottom-xs\" data-type=\"column\"> <div  data-editable=\"true\" data-name=\"ope-widgets-area\" data-content-shortcode=\"mesmerize_display_widgets_area id=&quot;mesmerize_users_custom_widgets_areas_3&quot; \" class=\"\" style=\"position: relative; top: 0px; left: 0px;\"><div data-name=\"mesmerize-widgets-area\"><div id=\"block-29\" class=\"widget widget_block\"><iframe src=\"https:\/\/www.cognitoforms.com\/f\/CIsbRCT9mEyu6HoLrOz09A\/32\" style=\"border:0;width:100%;\" height=\"568\"><\/iframe>\n<script src=\"https:\/\/www.cognitoforms.com\/f\/iframe.js\"><\/script><\/div><div id=\"block-43\" class=\"widget widget_block\"><\/div><\/div><\/div>  <a  class=\"button big color8\" href=\"#kontakt\" target=\"_self\" data-cp-link=\"1\" data-icon=\"\" rel=\"noopener\">Kontaktiere mich<\/a><\/div> <div  class=\"col-sm-6 flexbox around-xs top-xs space-top-xs\"><div  class=\"overlay-box flexbox middle-xs center-xs overlay-holder\"> <div  class=\"overlay-box-offset shadow-medium bg-color2 hide-xs offset-background\"><\/div> <img  decoding=\"async\" class=\"flexbox shadow-large img1\" data-size=\"500x500\" src=\"https:\/\/club500.business\/stefanienowak\/wp-content\/uploads\/sites\/137\/2024\/03\/haupt-neben-154759_640.png\" alt=\"haupt-nebenberuf\" title=\"haupt-nebenberuf\"><\/div> <\/div><\/div> <\/div><\/div><div  data-label=\"Kontakt\" data-id=\"cta--2\" data-export-id=\"cta-centered-section-grid\" data-category=\"cta\" class=\"cta-centered-section-grid content-section content-section-spacing-medium bg-color1 white-text\" id=\"kontakt-2\"><div  class=\"gridContainer\"> <div  class=\"row text-center\"><div  class=\"col-xs-12 col-sm-10 col-sm-offset-1 col-md-8 col-md-offset-2\" data-type=\"column\"> <h2  class=\"\">Kontaktiere Mich<\/h2> <p  class=\"\">M\u00f6chtest du mehr Informationen oder hast Fragen, dann kontaktiere mich einfach<\/p> <a  class=\"button big color8\" href=\"#kontakt\" target=\"_self\" data-cp-link=\"1\" data-icon=\"\" rel=\"noopener\">Kontaktformular<\/a><\/div> <\/div><\/div> <\/div><div  data-label=\"Erfahrungsberichte Videos Teil 1\" data-id=\"content--6\" data-export-id=\"content-12\" data-category=\"content\" class=\"content-12 content-section content-section-spacing content-relative\" id=\"erfahrungsberichte-videos-teil-1\" style=\"background-color: rgb(255, 255, 255); background-image: none;\"><div  class=\"\"> <div  class=\"row text-center\"><div  class=\"section-title-col\" data-type=\"column\">  \n\t\t\t\n\t\t\t<br  class=\"\">\n\n\t\t\t\n\t\t\t   &nbsp;<div  data-editable=\"true\" data-name=\"ope-widgets-area\" data-content-shortcode=\"mesmerize_display_widgets_area id=&quot;mesmerize_users_custom_widgets_areas_4&quot; \" class=\"\" style=\"position: relative; top: 0px; left: 0px;\"><div data-name=\"mesmerize-widgets-area\"><div id=\"block-19\" class=\"widget widget_block\"><\/div><div id=\"block-49\" class=\"widget widget_block\"><iframe src=\"https:\/\/www.cognitoforms.com\/f\/CIsbRCT9mEyu6HoLrOz09A\/35\" style=\"border:0;width:100%;\" height=\"307\"><\/iframe>\n<script src=\"https:\/\/www.cognitoforms.com\/f\/iframe.js\"><\/script><\/div><div id=\"block-50\" class=\"widget widget_block\"><script src=\"https:\/\/cdn.commoninja.com\/sdk\/latest\/commonninja.js\" defer><\/script>\n<div class=\"commonninja_component pid-14aa20b9-c0d4-476a-bce5-1d2549b464cc\"><\/div><\/div><div id=\"block-52\" class=\"widget widget_block\"><\/div><\/div><\/div><h3  class=\"\">\u2026 weitere Stories hier&nbsp;<a  data-mce-href=\"#erfahrungsberichte-videos-teil-2\" href=\"#erfahrungsberichte-videos-teil-2\" target=\"_self\" data-mce-selected=\"inline-boundary\" data-cp-link=\"1\" rel=\"noopener\">Teil 2<\/a> oder auf unserem<\/h3><a  class=\"button big color4 round\" href=\"https:\/\/vimeo.com\/showcase\/11036709\" target=\"_self\" data-cp-link=\"1\" data-icon=\"fa-vimeo\" rel=\"noopener\"><span  class=\"button-icon fa fa-vimeo\"><\/span>\u2013 Channel<\/a><\/div> <\/div> <div  class=\"row center-xs middle-xs\"> <div  class=\"col-sm-9\" data-type=\"column\"> <\/div> <\/div><\/div> <div  class=\"section-separator-bottom\">\n    <svg  xmlns=\"http:\/\/www.w3.org\/2000\/svg\" viewBox=\"0 0 2600 131.1\" preserveAspectRatio=\"none\" data-separator-name=\"opacity-tilt\" class=\"section-separator-bottom\">\n\t<path  class=\"svg-white-bg\" d=\"M0 0L2600 0 2600 69.1 0 0z\"><\/path>\n\t<path  class=\"svg-white-bg\" style=\"opacity: 0.5;\" d=\"M0 0L2600 0 2600 69.1 0 69.1z\"><\/path>\n\t<path  class=\"svg-white-bg\" style=\"opacity: 0.25;\" d=\"M2600 0L0 0 0 130.1 2600 69.1z\"><\/path>\n<\/svg>\n<\/div><\/div><div  data-label=\"Das Produkt\" data-id=\"content--11\" data-export-id=\"content-12\" data-category=\"content\" class=\"content-12 content-section content-section-spacing\" id=\"das-produkt\" style=\"background-color: rgb(216, 222, 242); background-image: none;\"><div  class=\"gridContainer\"> <div  class=\"row text-center\"><div  class=\"section-title-col\" data-type=\"column\">  <div  data-editable=\"true\" data-name=\"ope-widgets-area\" data-content-shortcode=\"mesmerize_display_widgets_area id=&quot;mesmerize_users_custom_widgets_areas_6&quot; \" class=\"\" style=\"position: relative; top: 0px; left: 0px;\"><div data-name=\"mesmerize-widgets-area\"><div id=\"block-32\" class=\"widget widget_block\"><iframe src=\"https:\/\/www.cognitoforms.com\/f\/CIsbRCT9mEyu6HoLrOz09A\/30\" style=\"border:0;width:100%;\" height=\"663\"><\/iframe>\n<script src=\"https:\/\/www.cognitoforms.com\/f\/iframe.js\"><\/script> <\/div><div id=\"block-54\" class=\"widget widget_block\"><script src=\"https:\/\/cdn.commoninja.com\/sdk\/latest\/commonninja.js\" defer><\/script>\n<div class=\"commonninja_component pid-dfef4626-6e56-4bf0-b40a-2a546fd67fa3\"><\/div> <\/div><\/div><\/div><\/div> <\/div> <div  class=\"row center-xs middle-xs\"> <div  class=\"col-sm-9\" data-type=\"column\"> <\/div> <\/div><\/div> <\/div><div  data-label=\"Kontakt\" data-id=\"cta--3\" data-export-id=\"cta-blue-section\" data-category=\"cta\" class=\"cta-blue-section content-section content-section-spacing-medium bg-color1 white-text\" id=\"kontakt-3\"><div  class=\"gridContainer\"> <div  class=\"row middle-xs\"><div  class=\"col-sm-8 space-bottom-xs\" data-type=\"column\"> <h2  class=\"\">Willst du sofort starten?&nbsp;<\/h2> <\/div> <div  class=\"col-sm-4 end-sm\" data-type=\"column\"> <a  class=\"button big color8\" href=\"#kontakt\" target=\"_self\" data-cp-link=\"1\" data-icon=\"\" rel=\"noopener\">Starte noch heute<\/a><\/div> <\/div><\/div> <\/div><div  data-label=\"Erfahrungsberichte\" data-id=\"content--13\" data-export-id=\"content-12\" data-category=\"content\" class=\"content-12 content-section content-section-spacing content-relative\" id=\"erfahrungsberichte-1\" style=\"background-color: rgb(255, 255, 255);\"><div  class=\"gridContainer\"> <div  class=\"row text-center\"><div  class=\"section-title-col\" data-type=\"column\">  <\/div> <\/div> <div  class=\"row center-xs middle-xs\"> <div  class=\"col-sm-9\" data-type=\"column\"><div  data-editable=\"true\" data-name=\"ope-widgets-area\" data-content-shortcode=\"mesmerize_display_widgets_area id=&quot;mesmerize_users_custom_widgets_areas_7&quot; \" class=\"\"><div data-name=\"mesmerize-widgets-area\"><div id=\"block-33\" class=\"widget widget_block\"><iframe src=\"https:\/\/www.cognitoforms.com\/f\/CIsbRCT9mEyu6HoLrOz09A\/31\" style=\"border:0;width:100%;\" height=\"3413\"><\/iframe>\n<script src=\"https:\/\/www.cognitoforms.com\/f\/iframe.js\"><\/script><\/div><div id=\"block-37\" class=\"widget widget_block\"><\/div><\/div><\/div> <\/div> <\/div><\/div> <div  class=\"section-separator-bottom\">\n    <svg  xmlns=\"http:\/\/www.w3.org\/2000\/svg\" viewBox=\"0 0 2600 131.1\" preserveAspectRatio=\"none\" data-separator-name=\"opacity-tilt\" class=\"section-separator-bottom\">\n\t<path  class=\"svg-white-bg\" d=\"M0 0L2600 0 2600 69.1 0 0z\"><\/path>\n\t<path  class=\"svg-white-bg\" style=\"opacity: 0.5;\" d=\"M0 0L2600 0 2600 69.1 0 69.1z\"><\/path>\n\t<path  class=\"svg-white-bg\" style=\"opacity: 0.25;\" d=\"M2600 0L0 0 0 130.1 2600 69.1z\"><\/path>\n<\/svg>\n<\/div><\/div><div  data-label=\"Unterstuetzung\" data-id=\"content--12\" data-export-id=\"content-12\" data-category=\"content\" class=\"content-12 content-section content-section-spacing content-relative\" id=\"unterstuetzung\" style=\"background-color: rgb(216, 222, 242); background-image: none;\"><div  class=\"gridContainer\"> <div  class=\"row text-center\"><div  class=\"section-title-col\" data-type=\"column\">  <div  data-editable=\"true\" data-name=\"ope-widgets-area\" data-content-shortcode=\"mesmerize_display_widgets_area id=&quot;mesmerize_users_custom_widgets_areas_8&quot; \" class=\"\"><div data-name=\"mesmerize-widgets-area\"><div id=\"block-34\" class=\"widget widget_block\"><iframe src=\"https:\/\/www.cognitoforms.com\/f\/CIsbRCT9mEyu6HoLrOz09A\/33\" style=\"border:0;width:100%;\" height=\"355\"><\/iframe>\n<script src=\"https:\/\/www.cognitoforms.com\/f\/iframe.js\"><\/script><\/div><div id=\"block-53\" class=\"widget widget_block\"><script src=\"https:\/\/cdn.commoninja.com\/sdk\/latest\/commonninja.js\" defer><\/script>\n<div class=\"commonninja_component pid-421c64ae-506f-4c19-a8a4-8e8243e93fa5\"><\/div><\/div><\/div><\/div><\/div> <\/div> <div  class=\"row center-xs middle-xs\"> <div  class=\"col-sm-9\" data-type=\"column\"> <\/div> <\/div><\/div> <div  class=\"section-separator-bottom\">\n    <svg  xmlns=\"http:\/\/www.w3.org\/2000\/svg\" viewBox=\"0 0 2600 131.1\" preserveAspectRatio=\"none\" data-separator-name=\"opacity-tilt\" class=\"section-separator-bottom\">\n\t<path  class=\"svg-white-bg\" d=\"M0 0L2600 0 2600 69.1 0 0z\"><\/path>\n\t<path  class=\"svg-white-bg\" style=\"opacity: 0.5;\" d=\"M0 0L2600 0 2600 69.1 0 69.1z\"><\/path>\n\t<path  class=\"svg-white-bg\" style=\"opacity: 0.25;\" d=\"M2600 0L0 0 0 130.1 2600 69.1z\"><\/path>\n<\/svg>\n<\/div><\/div><div  data-label=\"Erfahrungsberichte Videos Teil 2\" data-id=\"content--14\" data-export-id=\"content-12\" data-category=\"content\" class=\"content-12 content-section content-section-spacing\" id=\"erfahrungsberichte-videos-teil-2\" style=\"background-color: rgb(255, 255, 255);\"><div  class=\"gridContainer\"> <div  class=\"row text-center\"><div  class=\"section-title-col\" data-type=\"column\">  <\/div> <\/div> <div  class=\"row center-xs middle-xs\"> <div  class=\"col-sm-9\" data-type=\"column\"><div  data-editable=\"true\" data-name=\"ope-widgets-area\" data-content-shortcode=\"mesmerize_display_widgets_area id=&quot;mesmerize_users_custom_widgets_areas_5&quot; \" class=\"\"><div data-name=\"mesmerize-widgets-area\"><div id=\"block-39\" class=\"widget widget_block\"><script src=\"https:\/\/www.cognitoforms.com\/f\/seamless.js\" data-key=\"CIsbRCT9mEyu6HoLrOz09A\" data-form=\"36\"><\/script><\/div><div id=\"block-40\" class=\"widget widget_block\"><\/div><div id=\"block-56\" class=\"widget widget_block\"><script src=\"https:\/\/cdn.commoninja.com\/sdk\/latest\/commonninja.js\" defer><\/script>\n<div class=\"commonninja_component pid-a64223f2-9cf0-46d0-9871-7333b587ebc5\"><\/div><\/div><\/div><\/div> <h3  class=\"\">\u2026 weitere Stories hier <a  data-mce-href=\"#erfahrungsberichte-videos-teil-1\" href=\"#erfahrungsberichte-videos-teil-1\" target=\"_self\" data-mce-selected=\"inline-boundary\" data-cp-link=\"1\" rel=\"noopener\">Teil&nbsp;1<\/a>&nbsp;oder auf unserem<\/h3><a  class=\"button big color4 round\" href=\"https:\/\/vimeo.com\/showcase\/11036709\" target=\"_blank\" data-cp-link=\"1\" data-icon=\"fa-vimeo\" rel=\"noopener\"><span  class=\"button-icon fa fa-vimeo\"><\/span>\u2013 Channel<\/a><\/div> <\/div><\/div> <\/div><div  data-label=\"Kontakt\" data-id=\"subscribe--1\" data-export-id=\"subscribe-centered-section\" data-category=\"subscribe\" class=\"subscribe-centered-section content-section content-section-spacing-medium bg-color5 content-relative\" id=\"kontakt\" style=\"background-image: none; background-color: rgb(34, 77, 119);\" data-section-ov=\"1\"><div  class=\"gridContainer\"><div  data-section-title-area=\"true\" class=\"row text-center\">   <div  class=\"section-title-col\" data-type=\"column\">              <div  data-editable=\"true\" data-name=\"ope-widgets-area\" data-content-shortcode=\"mesmerize_display_widgets_area id=&quot;mesmerize_users_custom_widgets_areas_9&quot; \" class=\"\" style=\"position: relative; top: 0px; left: 0px;\"><div data-name=\"mesmerize-widgets-area\"><div id=\"block-58\" class=\"widget widget_block\"><script src=\"https:\/\/www.cognitoforms.com\/f\/seamless.js\" data-key=\"CIsbRCT9mEyu6HoLrOz09A\" data-form=\"37\"><\/script><\/div><\/div><\/div><h3  class=\"\"><span  style=\"color: rgb(255, 255, 255);\">Kontaktieren Sie mich<\/span><\/h3><p  class=\"lead\"><span  style=\"color: rgb(255, 255, 255);\">M\u00f6chten Sie noch mehr Informationen, dann f\u00fcllen Sie bitte das Kontaktformular aus und ich melde mich in K\u00fcrze bei Ihnen. Sie k\u00f6nnen mich auch direkt anrufen.<\/span><\/p><p  class=\"lead\"><span style=\"color: rgb(239, 241, 246); font-weight: 400;\" >Stefanie Nowak<\/span><br ><span style=\"color: rgb(239, 241, 246); font-weight: 400;\" >\n+49 1514 120 02 35<\/span><\/p>   <div  data-editable=\"true\" data-name=\"ope-custom-content-shortcode\" data-content-shortcode=\"cognitoforms\" class=\"\">    <div class=\"cognito\"><\/div>\n    <style>label[for=\"cog-4\"] { display: none !important; }<\/style>\n\n<script src=\"https:\/\/www.cognitoforms.com\/f\/seamless.js\"\n            data-key=\"CIsbRCT9mEyu6HoLrOz09A\"\n            data-form=\"87\"><\/script>\n    <script>\n    document.addEventListener(\"DOMContentLoaded\", function () {\n        const slug = \"98\";\n        let filled = false;\n\n        const observer = new MutationObserver(() => {\n            if (filled) return;\n\n            const label = [...document.querySelectorAll(\"label\")]\n                .find(l => l.textContent.trim() === \"Site\" && l.hasAttribute(\"for\"));\n\n            if (label) {\n                const fieldId = label.getAttribute(\"for\");\n                const input = document.getElementById(fieldId);\n\n                if (input) {\n                    input.value = slug;\n                    input.dispatchEvent(new Event('input', { bubbles: true }));\n                    input.dispatchEvent(new Event('change', { bubbles: true }));\n                    console.log(\"\u2705 Site-Feld \u00fcber Label erkannt und bef\u00fcllt mit:\", slug);\n\n                    setTimeout(() => {\n                        input.closest(\"div\").style.display = \"none\";\n                        console.log(\"\ud83d\udc41\ufe0f Site-Feld nach Prefill per CSS versteckt.\");\n                    }, 1000); \/\/ kurze Verz\u00f6gerung f\u00fcr Lookup\n\n                    filled = true;\n                    observer.disconnect();\n                }\n            }\n        });\n\n        observer.observe(document.body, { childList: true, subtree: true });\n    });\n    <\/script>\n    <\/div><\/div><\/div>  <\/div><\/div>","protected":false},"excerpt":{"rendered":"<p>Club 500: Erfolg beginnt ausserhalb&nbsp;Deiner Komfortzone Kontaktiere Mich f\u00fcr mehr Informationen&nbsp; Kontaktinformationen Kontaktiere mich Kontaktiere Mich M\u00f6chtest du mehr Informationen oder hast Fragen, dann kontaktiere mich einfach Kontaktformular &nbsp;\u2026 weitere Stories hier&nbsp;Teil 2 oder auf unserem\u2013 Channel Willst du sofort starten?&nbsp; Starte noch heute \u2026 weitere Stories hier Teil&nbsp;1&nbsp;oder auf unserem\u2013 Channel Kontaktieren Sie michM\u00f6chten&hellip; <br \/> <a class=\"read-more\" href=\"https:\/\/club500.business\/stefanienowak\/\">Weiterlesen<\/a><\/p>\n","protected":false},"author":1,"featured_media":0,"parent":0,"menu_order":0,"comment_status":"closed","ping_status":"closed","template":"page-templates\/homepage.php","meta":{"footnotes":""},"class_list":["post-98","page","type-page","status-publish","hentry"],"_links":{"self":[{"href":"https:\/\/club500.business\/stefanienowak\/wp-json\/wp\/v2\/pages\/98","targetHints":{"allow":["GET"]}}],"collection":[{"href":"https:\/\/club500.business\/stefanienowak\/wp-json\/wp\/v2\/pages"}],"about":[{"href":"https:\/\/club500.business\/stefanienowak\/wp-json\/wp\/v2\/types\/page"}],"author":[{"embeddable":true,"href":"https:\/\/club500.business\/stefanienowak\/wp-json\/wp\/v2\/users\/1"}],"replies":[{"embeddable":true,"href":"https:\/\/club500.business\/stefanienowak\/wp-json\/wp\/v2\/comments?post=98"}],"version-history":[{"count":8,"href":"https:\/\/club500.business\/stefanienowak\/wp-json\/wp\/v2\/pages\/98\/revisions"}],"predecessor-version":[{"id":933,"href":"https:\/\/club500.business\/stefanienowak\/wp-json\/wp\/v2\/pages\/98\/revisions\/933"}],"wp:attachment":[{"href":"https:\/\/club500.business\/stefanienowak\/wp-json\/wp\/v2\/media?parent=98"}],"curies":[{"name":"wp","href":"https:\/\/api.w.org\/{rel}","templated":true}]}}